{"id":11,"date":"2018-05-22T08:55:33","date_gmt":"2018-05-22T08:55:33","guid":{"rendered":"http:\/\/oficinadatos.zeus.umh.es\/presentacion\/"},"modified":"2026-02-27T13:12:14","modified_gmt":"2026-02-27T12:12:14","slug":"presentacion","status":"publish","type":"page","link":"https:\/\/oficinadatos.umh.es\/ca\/presentacion\/","title":{"rendered":"Presentaci\u00f3"},"content":{"rendered":"<p><span dir=\"auto\" style=\"vertical-align: inherit\"><span dir=\"auto\" style=\"vertical-align: inherit\">L&#8217;Oficina de Dades \u00e9s una oficina administrativa de la Universitat Miguel Hern\u00e1ndez d&#8217;Elx que t\u00e9 com a principals missions les compet\u00e8ncies i facultats que la legislaci\u00f3 vigent atribueix al Rector, els Estatuts de la Universitat i les disposicions concordants i complement\u00e0ries en relaci\u00f3 amb l&#8217;elaboraci\u00f3 i cust\u00f2dia de les dades i la informaci\u00f3 estad\u00edstica de la nostra Universitat que correspon a la <\/span><\/span><a href=\"https:\/\/secretariageneral.umh.es\/\"><span dir=\"auto\" style=\"vertical-align: inherit\"><span dir=\"auto\" style=\"vertical-align: inherit\">Secretaria General<\/span><\/span><\/a><span dir=\"auto\" style=\"vertical-align: inherit\"><span dir=\"auto\" style=\"vertical-align: inherit\"> que \u00e9s de la Secretaria General que \u00e9s de la Secretaria General.<\/span><\/span><\/p>\n<p><span dir=\"auto\" style=\"vertical-align: inherit\"><span dir=\"auto\" style=\"vertical-align: inherit\">La nostra adre\u00e7a \u00e9s: Universitat Miguel Hern\u00e1ndez d&#8217;Elx, Edifici de Rectorat i Consell Social.<\/span><\/span><\/p>\n<p><span dir=\"auto\" style=\"vertical-align: inherit\"><span dir=\"auto\" style=\"vertical-align: inherit\">Avda. de la Universitat, s\/n. 03202 Elx (Alacant).<\/span><\/span><\/p>\n<p><span dir=\"auto\" style=\"vertical-align: inherit\"><span dir=\"auto\" style=\"vertical-align: inherit\">+34 96 522 2265<\/span><\/span><\/p>\n<p><strong><span dir=\"auto\" style=\"vertical-align: inherit\"><span dir=\"auto\" style=\"vertical-align: inherit\">E-mail: <\/span><\/span><\/strong> <a href=\"mailto:oficina.datos@umh.es\"><span dir=\"auto\" style=\"vertical-align: inherit\"><span dir=\"auto\" style=\"vertical-align: inherit\">oficina.datos@umh.es<\/span><\/span><\/a><\/p>\n<p><strong><span dir=\"auto\" style=\"vertical-align: inherit\"><span dir=\"auto\" style=\"vertical-align: inherit\">Horari d&#8217;atenci\u00f3 al p\u00fablic<\/span><\/span><\/strong><span dir=\"auto\" style=\"vertical-align: inherit\"><span dir=\"auto\" style=\"vertical-align: inherit\"> . De 9.00 a 14.00 hores, de dilluns a divendres.<\/span><\/span><\/p>\n<p><a href=\"http:\/\/www.umh.es\/localizacion\/hGIS_BASE%3AE16P2001\/geoUMH_es.html\" target=\"_blank\" rel=\"noopener noreferrer\"><span dir=\"auto\" style=\"vertical-align: inherit\"><span dir=\"auto\" style=\"vertical-align: inherit\">Ubicaci\u00f3 de l&#8217;Oficina de Dades<\/span><\/span><\/a><span dir=\"auto\" style=\"vertical-align: inherit\"><span dir=\"auto\" style=\"vertical-align: inherit\"> segona planta de l&#8217;edifici de Rectorat i del Consell Social del Campus d&#8217;Elx.<\/span><\/span><\/p>","protected":false},"excerpt":{"rendered":"<p>P\u00e1gina de presentaci\u00f3n de la unidad organizativa<\/p>\n","protected":false},"author":1,"featured_media":0,"parent":0,"menu_order":0,"comment_status":"closed","ping_status":"open","template":"","meta":{"_links_to":"","_links_to_target":""},"_links":{"self":[{"href":"https:\/\/oficinadatos.umh.es\/ca\/wp-json\/wp\/v2\/pages\/11"}],"collection":[{"href":"https:\/\/oficinadatos.umh.es\/ca\/wp-json\/wp\/v2\/pages"}],"about":[{"href":"https:\/\/oficinadatos.umh.es\/ca\/wp-json\/wp\/v2\/types\/page"}],"author":[{"embeddable":true,"href":"https:\/\/oficinadatos.umh.es\/ca\/wp-json\/wp\/v2\/users\/1"}],"replies":[{"embeddable":true,"href":"https:\/\/oficinadatos.umh.es\/ca\/wp-json\/wp\/v2\/comments?post=11"}],"version-history":[{"count":0,"href":"https:\/\/oficinadatos.umh.es\/ca\/wp-json\/wp\/v2\/pages\/11\/revisions"}],"wp:attachment":[{"href":"https:\/\/oficinadatos.umh.es\/ca\/wp-json\/wp\/v2\/media?parent=11"}],"curies":[{"name":"wp","href":"https:\/\/api.w.org\/{rel}","templated":true}]}}