{"id":155,"date":"2018-12-20T12:04:40","date_gmt":"2018-12-20T11:04:40","guid":{"rendered":"http:\/\/oficinadatos.umh.es\/?page_id=155"},"modified":"2026-01-30T13:51:31","modified_gmt":"2026-01-30T12:51:31","slug":"estadisticas","status":"publish","type":"page","link":"https:\/\/oficinadatos.umh.es\/ca\/estadisticas\/","title":{"rendered":"<span lang=\"es\">(Espa\u00f1ol) Estad\u00edsticas<\/span>"},"content":{"rendered":"<p><span style=\"color: #1f1f1f\"><span dir=\"auto\" style=\"vertical-align: inherit\"><span dir=\"auto\" style=\"vertical-align: inherit\">Des dels enlla\u00e7os seg\u00fcents es pot accedir a la informaci\u00f3 sobre dades i xifres del sistema universitari espanyol.<\/span><\/span><\/span><\/p>\n<p><a href=\"http:\/\/www.educacionyfp.gob.es\/portada.html\" target=\"_blank\" rel=\"noopener noreferrer\"><span dir=\"auto\" style=\"vertical-align: inherit\"><span dir=\"auto\" style=\"vertical-align: inherit\">MINISTERI D&#8217;EDUCACI\u00d3 I FORMACI\u00d3 PROFESSIONAL<\/span><\/span><\/a><\/p>\n<p><a href=\"https:\/\/www.ine.es\/\" target=\"_blank\" rel=\"noopener noreferrer\"><span dir=\"auto\" style=\"vertical-align: inherit\"><span dir=\"auto\" style=\"vertical-align: inherit\">INSTITUT NACIONAL D&#8217;ESTAD\u00cdSTICA (INE)<\/span><\/span><\/a><\/p>\n<p><a href=\"http:\/\/www.siuvp.es\/es\/\" target=\"_blank\" rel=\"noopener noreferrer\"><span dir=\"auto\" style=\"vertical-align: inherit\"><span dir=\"auto\" style=\"vertical-align: inherit\">SISTEMA D&#8217;INFORMACI\u00d3 DE LES UNIVERSITATS P\u00daBLIQUES VALENCIANES (SIUVP)<\/span><\/span><\/a><\/p>\n<p><a href=\"https:\/\/www.crue.org\/\" target=\"_blank\" rel=\"noopener noreferrer\"><span dir=\"auto\" style=\"vertical-align: inherit\"><span dir=\"auto\" style=\"vertical-align: inherit\">CONFER\u00c8NCIA DE RECTORS DE LES UNIVERSITATS ESPANYOLES (CRUE)<\/span><\/span><\/a><\/p>\n<p><a href=\"https:\/\/ruvid.org\/\" target=\"_blank\" rel=\"noopener noreferrer\"><span dir=\"auto\" style=\"vertical-align: inherit\"><span dir=\"auto\" style=\"vertical-align: inherit\">XARXA D&#8217;UNIVERSITATS VALENCIANES PER AL FOMENT DE LA INVESTIGACI\u00d3, EL DESENVOLUPAMENT I LA INNOVACI\u00d3 (RUVID)<\/span><\/span><\/a><\/p>\n<p><a href=\"https:\/\/www.ciencia.gob.es\/Universidades\/QEDU.html\"><span dir=\"auto\" style=\"vertical-align: inherit\"><span dir=\"auto\" style=\"vertical-align: inherit\">QU\u00c8 ESTUDIAR I ON A LA UNIVERSITAT (QEDU)\u00a0<\/span><\/span><\/a><\/p>\n<p><span style=\"color: #1f1f1f\"><strong><span dir=\"auto\" style=\"vertical-align: inherit\"><span dir=\"auto\" style=\"vertical-align: inherit\">ANUARIS<\/span><\/span><\/strong><\/span><\/p>\n<p><a href=\"https:\/\/www.universidades.gob.es\/wp-content\/uploads\/2024\/05\/SIIU_DatosCifras2024.pdf\" target=\"_blank\" rel=\"noopener\"><span dir=\"auto\" style=\"vertical-align: inherit\"><span dir=\"auto\" style=\"vertical-align: inherit\">INFORME DADES I XIFRES MINISTERI UNIVERSITATS 23\/24<\/span><\/span><\/a><\/p>\n<p><a href=\"https:\/\/www.ine.es\/dynt3\/inebase\/es\/index.htm?padre=7994&amp;capsel=8978\" target=\"_blank\" rel=\"noopener noreferrer\"><span dir=\"auto\" style=\"vertical-align: inherit\"><span dir=\"auto\" style=\"vertical-align: inherit\">INE ANUARI EDUCACI\u00d3 2025<\/span><\/span><\/a><\/p>\n<p><a href=\"https:\/\/ruvid.org\/anuario\/\" target=\"_blank\" rel=\"noopener noreferrer\"><span dir=\"auto\" style=\"vertical-align: inherit\"><span dir=\"auto\" style=\"vertical-align: inherit\">RUVID ANUARI 2024<\/span><\/span><\/a><\/p>\n<p><a href=\"https:\/\/www.educacionfpydeportes.gob.es\/mc\/igualdad\/publicaciones\/igualdad-en-cifras-mefp.html\" target=\"_blank\" rel=\"noopener noreferrer\"><span dir=\"auto\" style=\"vertical-align: inherit\"><span dir=\"auto\" style=\"vertical-align: inherit\">IGUALTAT EN XIFRES MEFP 2025<\/span><\/span><\/a><\/p>\n<p><a href=\"https:\/\/www.ciencia.gob.es\/Secc-Servicios\/Igualdad\/CientificasCifras.html\" target=\"_blank\" rel=\"noopener noreferrer\"><span dir=\"auto\" style=\"vertical-align: inherit\"><span dir=\"auto\" style=\"vertical-align: inherit\">CIENT\u00cdFIQUES EN XIFRES 2025<\/span><\/span><\/a><\/p>\n<p><a href=\"https:\/\/www.crue.org\/wp-content\/uploads\/2020\/02\/UEC_2023-2024.pdf\" target=\"_blank\" rel=\"noopener noreferrer\"><span dir=\"auto\" style=\"vertical-align: inherit\"><span dir=\"auto\" style=\"vertical-align: inherit\">UNIVERSITAT ESPANYOLA EN XIFRES &#8211; CRUE 2023\/2024<\/span><\/span><\/a><\/p>\n<p>&nbsp;<\/p>","protected":false},"excerpt":{"rendered":"<p>Des dels enlla\u00e7os seg\u00fcents es pot accedir a la informaci\u00f3 sobre dades i xifres del sistema universitari espanyol.<br \/>\nMINISTERI D&#8217;EDUCACI\u00d3 I FORMACI\u00d3 PROFESSIONAL<br \/>\nINSTITUT NACIONAL D&#8217;ESTAD\u00cdSTICA (INE)<br \/>\nSISTEMA D&#8217;INFORMACI\u00d3 DE LES UNIVERSITATS P\u00daBLIQUES VALENCIANES (SIUVP)<br \/>\nCONFER\u00c8NCIA DE RECTORS DE LES UNIVERSITATS ESPANYOLES (CRUE)<br \/>\nXARXA D&#8217;UNIVERSITATS VALENCIANES PER AL FOMENT DE LA INVESTIGACI\u00d3, EL DESENVOLUPAMENT I LA INNOVACI\u00d3 (RUVID)<br \/>\nQU\u00c8 ESTUDIAR I [&#8230;]<\/p>\n","protected":false},"author":303,"featured_media":0,"parent":0,"menu_order":0,"comment_status":"closed","ping_status":"closed","template":"","meta":{"_links_to":"","_links_to_target":""},"_links":{"self":[{"href":"https:\/\/oficinadatos.umh.es\/ca\/wp-json\/wp\/v2\/pages\/155"}],"collection":[{"href":"https:\/\/oficinadatos.umh.es\/ca\/wp-json\/wp\/v2\/pages"}],"about":[{"href":"https:\/\/oficinadatos.umh.es\/ca\/wp-json\/wp\/v2\/types\/page"}],"author":[{"embeddable":true,"href":"https:\/\/oficinadatos.umh.es\/ca\/wp-json\/wp\/v2\/users\/303"}],"replies":[{"embeddable":true,"href":"https:\/\/oficinadatos.umh.es\/ca\/wp-json\/wp\/v2\/comments?post=155"}],"version-history":[{"count":0,"href":"https:\/\/oficinadatos.umh.es\/ca\/wp-json\/wp\/v2\/pages\/155\/revisions"}],"wp:attachment":[{"href":"https:\/\/oficinadatos.umh.es\/ca\/wp-json\/wp\/v2\/media?parent=155"}],"curies":[{"name":"wp","href":"https:\/\/api.w.org\/{rel}","templated":true}]}}