{"id":706,"date":"2024-12-20T10:00:05","date_gmt":"2024-12-20T09:00:05","guid":{"rendered":"https:\/\/oficinadatos.umh.es\/?page_id=706"},"modified":"2026-01-30T09:08:56","modified_gmt":"2026-01-30T08:08:56","slug":"politica-ambiental-umh","status":"publish","type":"page","link":"https:\/\/oficinadatos.umh.es\/ca\/politica-ambiental-umh\/","title":{"rendered":"<span lang=\"es\">(Espa\u00f1ol) POL\u00cdTICA AMBIENTAL UMH<\/span>"},"content":{"rendered":"<p><span dir=\"auto\" style=\"vertical-align: inherit\"><span dir=\"auto\" style=\"vertical-align: inherit\">L&#8217;Oficina de Dades de la UMH participa anualment al <\/span><\/span><a href=\"https:\/\/www.umhsostenible.com\/objetivos-ambientales\/\"><span dir=\"auto\" style=\"vertical-align: inherit\"><span dir=\"auto\" style=\"vertical-align: inherit\">Programa d&#8217;Objectius Ambientals<\/span><\/span><\/a><span dir=\"auto\" style=\"vertical-align: inherit\"><span dir=\"auto\" style=\"vertical-align: inherit\"> \u00a0com a eina per a la millora i el reconeixement del nostre comportament ambiental i actua d&#8217;acord amb la\u00a0 <\/span><\/span><a href=\"https:\/\/www.umhsostenible.com\/el-area-ambiental-y-desarrollo-sostenible-de-la-umh\/#politica\"><span dir=\"auto\" style=\"vertical-align: inherit\"><span dir=\"auto\" style=\"vertical-align: inherit\">Pol\u00edtica Ambiental de la UMH<\/span><\/span><\/a><span dir=\"auto\" style=\"vertical-align: inherit\"><span dir=\"auto\" style=\"vertical-align: inherit\"> , la qual recull els\u00a0 <\/span><\/span><b><span dir=\"auto\" style=\"vertical-align: inherit\"><span dir=\"auto\" style=\"vertical-align: inherit\">compromisos ambientals<\/span><\/span><\/b><span dir=\"auto\" style=\"vertical-align: inherit\"><span dir=\"auto\" style=\"vertical-align: inherit\"> \u00a0de la Universitat Miguel Hern\u00e1ndez d&#8217;Elx per a la millora del seu exercici ambiental en les seves activitats de gesti\u00f3, investigaci\u00f3, transfer\u00e8ncia de coneixement i formaci\u00f3.<\/span><\/span><\/p>","protected":false},"excerpt":{"rendered":"<p>L&#8217;Oficina de Dades de la UMH participa anualment al Programa d&#8217;Objectius Ambientals \u00a0com a eina per a la millora i el reconeixement del nostre comportament ambiental i actua d&#8217;acord amb la\u00a0 Pol\u00edtica Ambiental de la UMH , la qual recull els\u00a0 compromisos ambientals \u00a0de la Universitat Miguel Hern\u00e1ndez d&#8217;Elx per a la millora del seu [&#8230;]<\/p>\n","protected":false},"author":3466,"featured_media":0,"parent":0,"menu_order":0,"comment_status":"closed","ping_status":"closed","template":"","meta":{"_links_to":"","_links_to_target":""},"_links":{"self":[{"href":"https:\/\/oficinadatos.umh.es\/ca\/wp-json\/wp\/v2\/pages\/706"}],"collection":[{"href":"https:\/\/oficinadatos.umh.es\/ca\/wp-json\/wp\/v2\/pages"}],"about":[{"href":"https:\/\/oficinadatos.umh.es\/ca\/wp-json\/wp\/v2\/types\/page"}],"author":[{"embeddable":true,"href":"https:\/\/oficinadatos.umh.es\/ca\/wp-json\/wp\/v2\/users\/3466"}],"replies":[{"embeddable":true,"href":"https:\/\/oficinadatos.umh.es\/ca\/wp-json\/wp\/v2\/comments?post=706"}],"version-history":[{"count":0,"href":"https:\/\/oficinadatos.umh.es\/ca\/wp-json\/wp\/v2\/pages\/706\/revisions"}],"wp:attachment":[{"href":"https:\/\/oficinadatos.umh.es\/ca\/wp-json\/wp\/v2\/media?parent=706"}],"curies":[{"name":"wp","href":"https:\/\/api.w.org\/{rel}","templated":true}]}}