{"id":80,"date":"2018-07-23T10:45:13","date_gmt":"2018-07-23T08:45:13","guid":{"rendered":"http:\/\/oficinadatos.umh.es\/?page_id=80"},"modified":"2026-01-30T13:47:14","modified_gmt":"2026-01-30T12:47:14","slug":"transparencia","status":"publish","type":"page","link":"https:\/\/oficinadatos.umh.es\/ca\/transparencia\/","title":{"rendered":"<span lang=\"es\">(Espa\u00f1ol) Transparencia<\/span>"},"content":{"rendered":"<p><\/p>\n<div class=\"col\">\n<h2 class=\"titulo-cuerpo\"><span dir=\"auto\" style=\"vertical-align: inherit\"><span dir=\"auto\" style=\"vertical-align: inherit\">Transpar\u00e8ncia<\/span><\/span><\/h2>\n<\/div>\n<div class=\"w-100\"><\/div>\n<div class=\"col\"><\/div>\n<div class=\"w-100\"><\/div>\n<div class=\"col\">\n<div class=\"text-cuerpo\">\n<p><span dir=\"auto\" style=\"vertical-align: inherit\"><span dir=\"auto\" style=\"vertical-align: inherit\">La Universitat Miguel Hern\u00e1ndez d&#8217;Elx presenta el portal de transpar\u00e8ncia, una aposta ferma en el seu comprom\u00eds per apropar la Universitat a la Societat.<\/span><\/span><\/p>\n<p><span dir=\"auto\" style=\"vertical-align: inherit\"><span dir=\"auto\" style=\"vertical-align: inherit\">Aquest projecte posa a disposici\u00f3 de tots els ciutadans les dades sobre l&#8217;activitat econ\u00f2mica i administrativa de la nostra Universitat, aix\u00ed com altres dades d&#8217;inter\u00e8s p\u00fablic, com ara convocat\u00f2ries de selecci\u00f3 de personal, bandes salarials, estatuts o estat de comptes.<\/span><\/span><\/p>\n<p><span dir=\"auto\" style=\"vertical-align: inherit\"><span dir=\"auto\" style=\"vertical-align: inherit\">La Universitat Miguel Hern\u00e1ndez d&#8217;Elx, en compliment de la Llei de Transpar\u00e8ncia 19\/2013 i la llei 2\/2015 de la Comunitat Valenciana, continuar\u00e0 treballant en aquest portal perqu\u00e8 els usuaris puguin consultar i sol\u00b7licitar informaci\u00f3 sobre l&#8217;activitat que realitza la Universitat.<\/span><\/span><\/p>\n<p><a href=\"https:\/\/transparencia.umh.es\/\" target=\"_blank\" rel=\"noopener noreferrer\"><span dir=\"auto\" style=\"vertical-align: inherit\"><span dir=\"auto\" style=\"vertical-align: inherit\">WEB DE TRANSPAR\u00c8NCIA UNIVERSIT\u00c0RIA<\/span><\/span><\/a><\/p>\n<p><strong><span dir=\"auto\" style=\"vertical-align: inherit\"><span dir=\"auto\" style=\"vertical-align: inherit\">Personal 2022\/2023<\/span><\/span><\/strong><\/p>\n<p><img loading=\"lazy\" class=\"alignnone wp-image-615\" src=\"https:\/\/oficinadatos.umh.es\/files\/2024\/03\/PDI-categorias_2022_2023-300x176.jpg\" alt=\"\" width=\"535\" height=\"314\" srcset=\"https:\/\/oficinadatos.umh.es\/files\/2024\/03\/PDI-categorias_2022_2023-300x176.jpg 300w, https:\/\/oficinadatos.umh.es\/files\/2024\/03\/PDI-categorias_2022_2023-768x450.jpg 768w, https:\/\/oficinadatos.umh.es\/files\/2024\/03\/PDI-categorias_2022_2023.jpg 878w\" sizes=\"(max-width: 535px) 100vw, 535px\" \/><\/p>\n<p><img loading=\"lazy\" class=\"alignnone wp-image-593\" src=\"https:\/\/oficinadatos.umh.es\/files\/2024\/03\/PAS-300x82.jpg\" alt=\"\" width=\"541\" height=\"148\" srcset=\"https:\/\/oficinadatos.umh.es\/files\/2024\/03\/PAS-300x82.jpg 300w, https:\/\/oficinadatos.umh.es\/files\/2024\/03\/PAS.jpg 518w\" sizes=\"(max-width: 541px) 100vw, 541px\" \/><\/p>\n<p><strong><span dir=\"auto\" style=\"vertical-align: inherit\"><span dir=\"auto\" style=\"vertical-align: inherit\">Personal 2023\/2024\u00a0<\/span><\/span><\/strong><\/p>\n<p><img loading=\"lazy\" class=\"alignnone wp-image-701\" src=\"https:\/\/oficinadatos.umh.es\/files\/2024\/12\/PDI_23_24_definitivo-300x244.jpg\" alt=\"\" width=\"540\" height=\"439\" srcset=\"https:\/\/oficinadatos.umh.es\/files\/2024\/12\/PDI_23_24_definitivo-300x244.jpg 300w, https:\/\/oficinadatos.umh.es\/files\/2024\/12\/PDI_23_24_definitivo.jpg 745w\" sizes=\"(max-width: 540px) 100vw, 540px\" \/><\/p>\n<p>&nbsp;<\/p>\n<p><img loading=\"lazy\" class=\"alignnone wp-image-613\" src=\"https:\/\/oficinadatos.umh.es\/files\/2024\/03\/PAS-2023_2024-4-300x96.jpg\" alt=\"\" width=\"553\" height=\"177\" srcset=\"https:\/\/oficinadatos.umh.es\/files\/2024\/03\/PAS-2023_2024-4-300x96.jpg 300w, https:\/\/oficinadatos.umh.es\/files\/2024\/03\/PAS-2023_2024-4-768x245.jpg 768w, https:\/\/oficinadatos.umh.es\/files\/2024\/03\/PAS-2023_2024-4.jpg 939w\" sizes=\"(max-width: 553px) 100vw, 553px\" \/><\/p>\n<p><strong><span dir=\"auto\" style=\"vertical-align: inherit\"><span dir=\"auto\" style=\"vertical-align: inherit\">Personal 2024\/2025<\/span><\/span><\/strong><\/p>\n<p>&nbsp;<\/p>\n<p><strong><img loading=\"lazy\" class=\"alignnone  wp-image-922\" src=\"https:\/\/oficinadatos.umh.es\/files\/2025\/12\/PDI_24_25-300x236.png\" alt=\"\" width=\"508\" height=\"400\" srcset=\"https:\/\/oficinadatos.umh.es\/files\/2025\/12\/PDI_24_25-300x236.png 300w, https:\/\/oficinadatos.umh.es\/files\/2025\/12\/PDI_24_25.png 728w\" sizes=\"(max-width: 508px) 100vw, 508px\" \/><\/strong><\/p>\n<p><img loading=\"lazy\" class=\"alignnone  wp-image-925\" src=\"https:\/\/oficinadatos.umh.es\/files\/2025\/12\/PAS24-25-300x102.jpg\" alt=\"\" width=\"512\" height=\"174\" srcset=\"https:\/\/oficinadatos.umh.es\/files\/2025\/12\/PAS24-25-300x102.jpg 300w, https:\/\/oficinadatos.umh.es\/files\/2025\/12\/PAS24-25.jpg 502w\" sizes=\"(max-width: 512px) 100vw, 512px\" \/><\/p>\n<\/div>\n<\/div>\n<p><\/p>","protected":false},"excerpt":{"rendered":"<p>Transpar\u00e8ncia<\/p>\n<p>La Universitat Miguel Hern\u00e1ndez d&#8217;Elx presenta el portal de transpar\u00e8ncia, una aposta ferma en el seu comprom\u00eds per apropar la Universitat a la Societat.<br \/>\nAquest projecte posa a disposici\u00f3 de tots els ciutadans les dades sobre l&#8217;activitat econ\u00f2mica i administrativa de la nostra Universitat, aix\u00ed com altres dades d&#8217;inter\u00e8s p\u00fablic, com ara convocat\u00f2ries de selecci\u00f3 de [&#8230;]<\/p>\n","protected":false},"author":303,"featured_media":0,"parent":0,"menu_order":0,"comment_status":"closed","ping_status":"closed","template":"","meta":{"_links_to":"","_links_to_target":""},"_links":{"self":[{"href":"https:\/\/oficinadatos.umh.es\/ca\/wp-json\/wp\/v2\/pages\/80"}],"collection":[{"href":"https:\/\/oficinadatos.umh.es\/ca\/wp-json\/wp\/v2\/pages"}],"about":[{"href":"https:\/\/oficinadatos.umh.es\/ca\/wp-json\/wp\/v2\/types\/page"}],"author":[{"embeddable":true,"href":"https:\/\/oficinadatos.umh.es\/ca\/wp-json\/wp\/v2\/users\/303"}],"replies":[{"embeddable":true,"href":"https:\/\/oficinadatos.umh.es\/ca\/wp-json\/wp\/v2\/comments?post=80"}],"version-history":[{"count":0,"href":"https:\/\/oficinadatos.umh.es\/ca\/wp-json\/wp\/v2\/pages\/80\/revisions"}],"wp:attachment":[{"href":"https:\/\/oficinadatos.umh.es\/ca\/wp-json\/wp\/v2\/media?parent=80"}],"curies":[{"name":"wp","href":"https:\/\/api.w.org\/{rel}","templated":true}]}}