{"id":881,"date":"2025-07-23T12:40:44","date_gmt":"2025-07-23T10:40:44","guid":{"rendered":"https:\/\/oficinadatos.umh.es\/?page_id=881"},"modified":"2025-07-23T13:38:15","modified_gmt":"2025-07-23T11:38:15","slug":"organos-de-gobierno-y-representacion","status":"publish","type":"page","link":"https:\/\/oficinadatos.umh.es\/ca\/transparencia\/organos-de-gobierno-y-representacion\/","title":{"rendered":"<span lang=\"es\">(Espa\u00f1ol) \u00d3rganos de Gobierno y Representaci\u00f3n<\/span>"},"content":{"rendered":"<p class=\"qtranxs-available-languages-message qtranxs-available-languages-message-ca\">Ho sentim, aquesta entrada es troba disponible \u00fanicament en <a href=\"https:\/\/oficinadatos.umh.es\/es\/wp-json\/wp\/v2\/pages\/881\" class=\"qtranxs-available-language-link qtranxs-available-language-link-es\" title=\"Espa\u00f1ol\">Espanyol Europeu<\/a>.<\/p>","protected":false},"excerpt":{"rendered":"<p>Ho sentim, aquesta entrada es troba disponible \u00fanicament en Espanyol Europeu.<\/p>\n","protected":false},"author":3716,"featured_media":0,"parent":80,"menu_order":0,"comment_status":"closed","ping_status":"closed","template":"","meta":{"_links_to":"","_links_to_target":""},"_links":{"self":[{"href":"https:\/\/oficinadatos.umh.es\/ca\/wp-json\/wp\/v2\/pages\/881"}],"collection":[{"href":"https:\/\/oficinadatos.umh.es\/ca\/wp-json\/wp\/v2\/pages"}],"about":[{"href":"https:\/\/oficinadatos.umh.es\/ca\/wp-json\/wp\/v2\/types\/page"}],"author":[{"embeddable":true,"href":"https:\/\/oficinadatos.umh.es\/ca\/wp-json\/wp\/v2\/users\/3716"}],"replies":[{"embeddable":true,"href":"https:\/\/oficinadatos.umh.es\/ca\/wp-json\/wp\/v2\/comments?post=881"}],"version-history":[{"count":0,"href":"https:\/\/oficinadatos.umh.es\/ca\/wp-json\/wp\/v2\/pages\/881\/revisions"}],"up":[{"embeddable":true,"href":"https:\/\/oficinadatos.umh.es\/ca\/wp-json\/wp\/v2\/pages\/80"}],"wp:attachment":[{"href":"https:\/\/oficinadatos.umh.es\/ca\/wp-json\/wp\/v2\/media?parent=881"}],"curies":[{"name":"wp","href":"https:\/\/api.w.org\/{rel}","templated":true}]}}