{"id":201,"date":"2021-05-27T09:48:44","date_gmt":"2021-05-27T07:48:44","guid":{"rendered":"https:\/\/oficinadatos.umh.es\/?page_id=201"},"modified":"2026-01-30T13:34:33","modified_gmt":"2026-01-30T12:34:33","slug":"home","status":"publish","type":"page","link":"https:\/\/oficinadatos.umh.es\/en\/","title":{"rendered":"<span lang=\"es\">(Espa\u00f1ol) Home<\/span>"},"content":{"rendered":"<p>La Oficina de Datos es una oficina administrativa de la Universidad Miguel Hern\u00e1ndez de Elche que tiene como principales misiones las competencias y facultades que la legislaci\u00f3n vigente atribuye al Rector, los Estatutos de la Universidad y las disposiciones concordantes y complementarias en relaci\u00f3n con la elaboraci\u00f3n y custodia de los datos e informaci\u00f3n estad\u00edstica de nuestra Universidad que corresponden a la\u00a0<a title=\"Secretar\u00eda General\" href=\"https:\/\/secretariageneral.umh.es\/\" target=\"_blank\" rel=\"noopener\">Secretar\u00eda General<span class=\"sr-only\">(abre en nueva ventana)<\/span><\/a>\u00a0que es de quien depende la Oficina de Datos.<\/p>","protected":false},"excerpt":{"rendered":"<p>La Oficina de Datos es una oficina administrativa de la Universidad Miguel Hern\u00e1ndez de Elche que tiene como principales misiones las competencias y facultades que la legislaci\u00f3n vigente atribuye al Rector, los Estatutos de la Universidad y las disposiciones concordantes y complementarias en relaci\u00f3n con la elaboraci\u00f3n y custodia de los datos e informaci\u00f3n estad\u00edstica [&#8230;]<\/p>\n","protected":false},"author":90,"featured_media":0,"parent":0,"menu_order":0,"comment_status":"closed","ping_status":"closed","template":"","meta":{"_links_to":"","_links_to_target":""},"_links":{"self":[{"href":"https:\/\/oficinadatos.umh.es\/en\/wp-json\/wp\/v2\/pages\/201"}],"collection":[{"href":"https:\/\/oficinadatos.umh.es\/en\/wp-json\/wp\/v2\/pages"}],"about":[{"href":"https:\/\/oficinadatos.umh.es\/en\/wp-json\/wp\/v2\/types\/page"}],"author":[{"embeddable":true,"href":"https:\/\/oficinadatos.umh.es\/en\/wp-json\/wp\/v2\/users\/90"}],"replies":[{"embeddable":true,"href":"https:\/\/oficinadatos.umh.es\/en\/wp-json\/wp\/v2\/comments?post=201"}],"version-history":[{"count":0,"href":"https:\/\/oficinadatos.umh.es\/en\/wp-json\/wp\/v2\/pages\/201\/revisions"}],"wp:attachment":[{"href":"https:\/\/oficinadatos.umh.es\/en\/wp-json\/wp\/v2\/media?parent=201"}],"curies":[{"name":"wp","href":"https:\/\/api.w.org\/{rel}","templated":true}]}}