{"id":446,"date":"2023-12-19T11:52:58","date_gmt":"2023-12-19T10:52:58","guid":{"rendered":"https:\/\/oficinadatos.umh.es\/?page_id=446"},"modified":"2026-03-06T11:41:51","modified_gmt":"2026-03-06T10:41:51","slug":"https-www-libreria-educacion-gob-es-libro-las-cifras-de-la-educacion-en-espana-estadisticas-e-indicadores-edicion-2024_184490","status":"publish","type":"page","link":"https:\/\/oficinadatos.umh.es\/en\/https-www-libreria-educacion-gob-es-libro-las-cifras-de-la-educacion-en-espana-estadisticas-e-indicadores-edicion-2024_184490\/","title":{"rendered":"<span lang=\"es\">(Espa\u00f1ol) Las Cifras de la Educaci\u00f3n en Espa\u00f1a: Estad\u00edsticas e Indicadores. Edici\u00f3n 2024<\/span>"},"content":{"rendered":"<p><a href=\"https:\/\/www.libreria.educacion.gob.es\/libro\/las-cifras-de-la-educacion-en-espana-estadisticas-e-indicadores-edicion-2025_185979\/\" target=\"_blank\" rel=\"noopener\"><span dir=\"auto\" style=\"vertical-align: inherit\"><span dir=\"auto\" style=\"vertical-align: inherit\">Education Figures in Spain: Statistics and Indicators. 2025 Edition<\/span><\/span><\/a><\/p>","protected":false},"excerpt":{"rendered":"<p>Education Figures in Spain: Statistics and Indicators. 2025 Edition<\/p>\n","protected":false},"author":3716,"featured_media":0,"parent":0,"menu_order":0,"comment_status":"closed","ping_status":"closed","template":"","meta":{"_links_to":"","_links_to_target":""},"_links":{"self":[{"href":"https:\/\/oficinadatos.umh.es\/en\/wp-json\/wp\/v2\/pages\/446"}],"collection":[{"href":"https:\/\/oficinadatos.umh.es\/en\/wp-json\/wp\/v2\/pages"}],"about":[{"href":"https:\/\/oficinadatos.umh.es\/en\/wp-json\/wp\/v2\/types\/page"}],"author":[{"embeddable":true,"href":"https:\/\/oficinadatos.umh.es\/en\/wp-json\/wp\/v2\/users\/3716"}],"replies":[{"embeddable":true,"href":"https:\/\/oficinadatos.umh.es\/en\/wp-json\/wp\/v2\/comments?post=446"}],"version-history":[{"count":0,"href":"https:\/\/oficinadatos.umh.es\/en\/wp-json\/wp\/v2\/pages\/446\/revisions"}],"wp:attachment":[{"href":"https:\/\/oficinadatos.umh.es\/en\/wp-json\/wp\/v2\/media?parent=446"}],"curies":[{"name":"wp","href":"https:\/\/api.w.org\/{rel}","templated":true}]}}